{"id":63,"date":"2020-03-25T17:36:30","date_gmt":"2020-03-25T17:36:30","guid":{"rendered":"http:\/\/lebenskunstzentrum.de\/?page_id=63"},"modified":"2025-11-19T08:47:45","modified_gmt":"2025-11-19T08:47:45","slug":"datenschutz","status":"publish","type":"page","link":"https:\/\/lebenskunstzentrum.de\/?page_id=63","title":{"rendered":"Datenschutz"},"content":{"rendered":"\n<h2 class=\"wp-block-heading\">Datenschutzerkl\u00e4rung<\/h2>\n\n\n\n<p><strong>Allgemeiner Hinweis und Pflichtinformationen<\/strong><\/p>\n\n\n\n<p><strong>Benennung der verantwortlichen Stelle<\/strong><\/p>\n\n\n\n<p>Die verantwortliche Stelle f\u00fcr die Datenverarbeitung auf dieser Website ist:<\/p>\n\n\n\n<p><span id=\"s3-t-firma\">Lebenskunstzentrum<\/span><br><span id=\"s3-t-ansprechpartner\">Andreas Hermann<\/span><br>Doberaner Stra\u00dfe 13<br><span id=\"s3-t-plz\">1805<\/span>7 <span id=\"s3-t-ort\">Rostock<\/span><\/p>\n\n\n\n<p>Die verantwortliche Stelle entscheidet allein oder gemeinsam mit anderen \u00fcber die Zwecke und Mittel der Verarbeitung von personenbezogenen Daten (z.B. Namen, Kontaktdaten o. \u00c4.).<\/p>\n\n\n\n<p><strong>Pers\u00f6nliche Daten und Kontaktformular<\/strong><\/p>\n\n\n\n<p>Pers\u00f6nliche Daten, die Sie uns elektronisch \u00fcbermitteln, z.B. Ihren Namen, Postanschrift, E-Mail-Adresse oder andere pers\u00f6nlichen Angaben, werden von uns nur zum jeweils angegebenen Zweck verwendet, sicher verwahrt und nicht an Dritte weitergegeben. Wir \u00fcbersenden Ihnen nur Informationen, wenn Sie sich f\u00fcr entsprechende Dienste angemeldet haben. .<\/p>\n\n\n\n<p><strong>Recht auf Beschwerde bei der zust\u00e4ndigen Aufsichtsbeh\u00f6rde<\/strong><\/p>\n\n\n\n<p>Als Betroffener steht Ihnen im Falle eines datenschutzrechtlichen Versto\u00dfes ein Beschwerderecht bei der zust\u00e4ndigen Aufsichtsbeh\u00f6rde zu. Zust\u00e4ndige Aufsichtsbeh\u00f6rde bez\u00fcglich datenschutzrechtlicher Fragen ist der Landesdatenschutzbeauftragte von Mecklenburg-Vorpommern: <a href=\"https:\/\/www.datenschutz-mv.de\/\" target=\"_blank\" rel=\"noopener noreferrer\">https:\/\/www.datenschutz-mv.de\/<\/a>.<\/p>\n\n\n\n<p><strong>Recht auf Daten\u00fcbertragbarkeit<\/strong><\/p>\n\n\n\n<p>Ihnen steht das Recht zu, Daten, die wir auf Grundlage Ihrer Einwilligung oder in Erf\u00fcllung eines Vertrags automatisiert verarbeiten, an sich oder an Dritte aush\u00e4ndigen zu lassen. Die Bereitstellung erfolgt in einem maschinenlesbaren Format. Sofern Sie die direkte \u00dcbertragung der Daten an einen anderen Verantwortlichen verlangen, erfolgt dies nur, soweit es technisch machbar ist.<\/p>\n\n\n\n<p><strong>Recht auf Auskunft, Berichtigung, Sperrung, L\u00f6schung<\/strong><\/p>\n\n\n\n<p>Sie haben jederzeit im Rahmen der geltenden gesetzlichen Bestimmungen das Recht auf unentgeltliche Auskunft \u00fcber Ihre gespeicherten personenbezogenen Daten, Herkunft der Daten, deren Empf\u00e4nger und den Zweck der Datenverarbeitung und ggf. ein Recht auf Berichtigung, Sperrung oder L\u00f6schung dieser Daten. Diesbez\u00fcglich und auch zu weiteren Fragen zum Thema personenbezogene Daten k\u00f6nnen Sie sich jederzeit \u00fcber die im Impressum aufgef\u00fchrten Kontaktm\u00f6glichkeiten an uns wenden.<\/p>\n\n\n\n<p><strong>SSL- bzw. TLS-Verschl\u00fcsselung<\/strong><\/p>\n\n\n\n<p>Aus Sicherheitsgr\u00fcnden und zum Schutz der \u00dcbertragung vertraulicher Inhalte, die Sie an uns als Seitenbetreiber senden, nutzt unsere Website eine SSL-bzw. TLS-Verschl\u00fcsselung. Damit sind Daten, die Sie \u00fcber diese Website \u00fcbermitteln, f\u00fcr Dritte nicht mitlesbar. Sie erkennen eine verschl\u00fcsselte Verbindung an der \u201ehttps:\/\/\u201c Adresszeile Ihres Browsers und am Schloss-Symbol in der Browserzeile.<\/p>\n\n\n\n<p><strong>Server-Log-Dateien<\/strong><\/p>\n\n\n\n<p>In Server-Log-Dateien erhebt und speichert der Provider der Website automatisch Informationen, die Ihr Browser automatisch an uns \u00fcbermittelt. Dies sind:<\/p>\n\n\n\n<ul class=\"wp-block-list\">\n<li>Besuchte Seite auf unserer Domain<\/li>\n\n\n\n<li>Datum und Uhrzeit der Serveranfrage<\/li>\n\n\n\n<li>Browsertyp und Browserversion<\/li>\n\n\n\n<li>Verwendetes Betriebssystem<\/li>\n\n\n\n<li>Referrer URL<\/li>\n\n\n\n<li>Hostname des zugreifenden Rechners<\/li>\n\n\n\n<li>IP-Adresse<\/li>\n<\/ul>\n\n\n\n<p>Es findet keine Zusammenf\u00fchrung dieser Daten mit anderen Datenquellen statt. Grundlage der Datenverarbeitung bildet Art. 6 Abs. 1 lit. b DSGVO, der die Verarbeitung von Daten zur Erf\u00fcllung eines Vertrags oder vorvertraglicher Ma\u00dfnahmen gestattet.<\/p>\n\n\n\n<p><strong>YouTube<\/strong><\/p>\n\n\n\n<p>F\u00fcr Integration und Darstellung von Videoinhalten nutzt unsere Website Plugins von YouTube. Anbieter des Videoportals ist die YouTube, LLC, 901 Cherry Ave., San Bruno, CA 94066, USA.<\/p>\n\n\n\n<p>Bei Aufruf einer Seite mit integriertem YouTube-Plugin wird eine Verbindung zu den Servern von YouTube hergestellt. YouTube erf\u00e4hrt hierdurch, welche unserer Seiten Sie aufgerufen haben.<\/p>\n\n\n\n<p>YouTube kann Ihr Surfverhalten direkt Ihrem pers\u00f6nlichen Profil zuzuordnen, sollten Sie in Ihrem YouTube Konto eingeloggt sein. Durch vorheriges Ausloggen haben Sie die M\u00f6glichkeit, dies zu unterbinden.<\/p>\n\n\n\n<p>Die Nutzung von YouTube erfolgt im Interesse einer ansprechenden Darstellung unserer Online-Angebote. Dies stellt ein berechtigtes Interesse im Sinne von Art. 6 Abs. 1 lit. f DSGVO dar.<\/p>\n\n\n\n<p>Einzelheiten zum Umgang mit Nutzerdaten finden Sie in der Datenschutzerkl\u00e4rung von YouTube unter: <a href=\"https:\/\/www.google.de\/intl\/de\/policies\/privacy\">https:\/\/www.google.de\/intl\/de\/policies\/privacy<\/a>.<\/p>\n\n\n\n<p><strong>Google Web Fonts<\/strong><\/p>\n\n\n\n<p>Unsere Website verwendet Web Fonts von Google. Anbieter ist die Google Inc., 1600 Amphitheatre Parkway, Mountain View, CA 94043, USA.<\/p>\n\n\n\n<p>Durch den Einsatz dieser Web Fonts wird es m\u00f6glich Ihnen die von uns gew\u00fcnschte Darstellung unserer Website zu pr\u00e4sentieren, unabh\u00e4ngig davon welche Schriften Ihnen lokal zur Verf\u00fcgung stehen. Dies erfolgt \u00fcber den Abruf der Google Web Fonts von einem Server von Google in den USA und der damit verbundenen Weitergabe Ihre Daten an Google. Dabei handelt es sich um Ihre IP-Adresse und welche Seite Sie bei uns besucht haben. Der Einsatz von Google Web Fonts erfolgt auf Grundlage von Art. 6 Abs. 1 lit. f DSGVO. Als Betreiber dieser Website haben wir ein berechtigtes Interesse an der optimalen Darstellung und \u00dcbertragung unseres Webauftritts.<\/p>\n\n\n\n<p>Das Unternehmen Google ist f\u00fcr das us-europ\u00e4ische Datenschutz\u00fcbereinkommen &#8222;Privacy Shield&#8220; zertifiziert. Dieses Datenschutz\u00fcbereinkommen soll die Einhaltung des in der EU geltenden Datenschutzniveaus gew\u00e4hrleisten.<\/p>\n\n\n\n<p>Einzelheiten \u00fcber Google Web Fonts finden Sie unter: <a href=\"https:\/\/www.google.com\/fonts#AboutPlace:about\">https:\/\/www.google.com\/fonts#AboutPlace:about<\/a> und weitere Informationen in den Datenschutzbestimmungen von Google: <a href=\"https:\/\/policies.google.com\/privacy\/partners?hl=de\">https:\/\/policies.google.com\/privacy\/partners?hl=de<\/a><\/p>\n\n\n\n<p><strong>Einbindung von Google Maps<\/strong><\/p>\n\n\n\n<p>Diese Website verwendet Google Maps API, um geographische Informationen visuell darzustellen.Dar\u00fcber sammelt Google auch Daten \u00fcber die Besucher der Webseite, die anschlie\u00dfend verarbeitet und genutzt werden. Weitere Informationen \u00fcber die Datenverarbeitung sind in den Google-Datenschutzhinweisen beschrieben: <a href=\"https:\/\/policies.google.com\/privacy\/partners?hl=de\">https:\/\/policies.google.com\/privacy\/partners?hl=de<\/a> Im Google-Datenschutzcenter k\u00f6nnen pers\u00f6nliche Einstellungen ge\u00e4ndert und angepasst werden. Weitere Anleitungen zur Verwaltung der pers\u00f6nlichen Daten bei Verwendung von Google-Produkten gibt es auf der von Google betriebenen Webseite <a href=\"http:\/\/www.dataliberation.org\"> http:\/\/www.dataliberation.org\/<\/a>.<\/p>\n","protected":false},"excerpt":{"rendered":"<p>Datenschutzerkl\u00e4rung Allgemeiner Hinweis und Pflichtinformationen Benennung der verantwortlichen Stelle Die verantwortliche Stelle f\u00fcr die Datenverarbeitung auf dieser Website ist: LebenskunstzentrumAndreas HermannDoberaner Stra\u00dfe 1318057 Rostock Die verantwortliche Stelle entscheidet allein oder &hellip; <\/p>\n","protected":false},"author":1,"featured_media":0,"parent":0,"menu_order":0,"comment_status":"closed","ping_status":"closed","template":"","meta":{"footnotes":""},"class_list":["post-63","page","type-page","status-publish","hentry"],"_links":{"self":[{"href":"https:\/\/lebenskunstzentrum.de\/index.php?rest_route=\/wp\/v2\/pages\/63","targetHints":{"allow":["GET"]}}],"collection":[{"href":"https:\/\/lebenskunstzentrum.de\/index.php?rest_route=\/wp\/v2\/pages"}],"about":[{"href":"https:\/\/lebenskunstzentrum.de\/index.php?rest_route=\/wp\/v2\/types\/page"}],"author":[{"embeddable":true,"href":"https:\/\/lebenskunstzentrum.de\/index.php?rest_route=\/wp\/v2\/users\/1"}],"replies":[{"embeddable":true,"href":"https:\/\/lebenskunstzentrum.de\/index.php?rest_route=%2Fwp%2Fv2%2Fcomments&post=63"}],"version-history":[{"count":9,"href":"https:\/\/lebenskunstzentrum.de\/index.php?rest_route=\/wp\/v2\/pages\/63\/revisions"}],"predecessor-version":[{"id":90,"href":"https:\/\/lebenskunstzentrum.de\/index.php?rest_route=\/wp\/v2\/pages\/63\/revisions\/90"}],"wp:attachment":[{"href":"https:\/\/lebenskunstzentrum.de\/index.php?rest_route=%2Fwp%2Fv2%2Fmedia&parent=63"}],"curies":[{"name":"wp","href":"https:\/\/api.w.org\/{rel}","templated":true}]}}